{"id":389,"date":"2020-08-20T18:15:03","date_gmt":"2020-08-20T16:15:03","guid":{"rendered":"http:\/\/www.methode-cecile-patin.com\/?page_id=389"},"modified":"2021-11-02T17:47:01","modified_gmt":"2021-11-02T16:47:01","slug":"reflexion-vecue","status":"publish","type":"page","link":"http:\/\/jzoasjn.cluster023.hosting.ovh.net\/index.php\/reflexion-vecue\/","title":{"rendered":"R\u00e9flexion v\u00e9cue"},"content":{"rendered":"<section id=\"bt_bb_section69f38aba3178b\" class=\"bt_bb_section bt_bb_layout_boxed_1200 bt_bb_full_screen bt_bb_vertical_align_top\"  data-bt-override-class=\"null\"><div class=\"bt_bb_port\"><div class=\"bt_bb_cell\"><div class=\"bt_bb_cell_inner\"><div class=\"bt_bb_row \"  data-bt-override-class=\"{}\"><div class=\"bt_bb_row_holder\" ><div  class=\"bt_bb_column col-xxl-3 col-xl-3 bt_bb_vertical_align_top bt_bb_align_left bt_bb_padding_normal\" style=\"; --column-width:3;\" data-width=\"3\" data-bt-override-class=\"{}\"><div class=\"bt_bb_column_content\"><div class=\"bt_bb_column_content_inner\"><header class=\"bt_bb_headline bt_bb_dash_none bt_bb_size_inherit bt_bb_align_inherit\" data-bt-override-class=\"{}\"><h6 class=\"bt_bb_headline_tag\"><span class=\"bt_bb_headline_content\"><span>Nos cours :<\/span><\/span><\/h6><\/header><div class=\"bt_bb_custom_menu bt_bb_direction_vertical\"><div class=\"menu-menu-cours-container\"><ul id=\"menu-menu-cours\" class=\"menu\"><li id=\"menu-item-1007\" class=\"menu-item menu-item-type-post_type menu-item-object-page menu-item-1007\"><a href=\"http:\/\/jzoasjn.cluster023.hosting.ovh.net\/index.php\/nous-contacter\/\" title=\"\t\t\t\t\t\t\">Nous contacter<\/a><\/li>\n<\/ul><\/div><\/div><div class=\"bt_bb_separator_v2 bt_bb_border_style_solid bt_bb_top_spacing_small bt_bb_bottom_spacing_small bt_bb_icon_size_normal bt_bb_text_size_normal bt_bb_separator_v2_without_content\" data-bt-override-class=\"null\"><div class=\"bt_bb_separator_v2_inner\"><span class=\"bt_bb_separator_v2_inner_before\"><\/span><span class=\"bt_bb_separator_v2_inner_content\"><span  data-ico-=\"\" class=\"bt_bb_icon_holder\"><\/span><\/span><span class=\"bt_bb_separator_v2_inner_after\"><\/span><\/div><\/div><header class=\"bt_bb_headline bt_bb_dash_none bt_bb_size_inherit bt_bb_align_inherit\" data-bt-override-class=\"{}\"><h6 class=\"bt_bb_headline_tag\"><span class=\"bt_bb_headline_content\"><span>Nos actualit\u00e9s :<\/span><\/span><\/h6><\/header><div class=\"bt_bb_latest_posts bt_bb_columns_1 bt_bb_gap_small bt_bb_image_shape_rounded\"><div class=\"bt_bb_latest_posts_item\"><div class=\"bt_bb_latest_posts_item_image\"><a href=\"http:\/\/jzoasjn.cluster023.hosting.ovh.net\/index.php\/2020\/08\/20\/article-3\/\" target=\"_self\"><img decoding=\"async\" src=\"http:\/\/jzoasjn.cluster023.hosting.ovh.net\/wp-content\/uploads\/2017\/08\/juillet-300x225.jpg\" alt=\"La r\u00e9flexion v\u00e9cue par le jeu corporel\" title=\"La r\u00e9flexion v\u00e9cue par le jeu corporel\" \"><\/a><\/div><div class=\"bt_bb_latest_posts_item_content\"><h5 class=\"bt_bb_latest_posts_item_title\"><a href=\"http:\/\/jzoasjn.cluster023.hosting.ovh.net\/index.php\/2020\/08\/20\/article-3\/\" target=\"_self\">La r\u00e9flexion v\u00e9cue par le jeu corporel<\/a><\/h5><\/div><\/div><\/div><div class=\"bt_bb_button bt_bb_icon_position_left bt_bb_style_outline bt_bb_size_small bt_bb_width_full bt_bb_shape_inherit bt_bb_target_blank bt_bb_align_inherit\" data-bt-override-class=\"{}\"><a href=\"https:\/\/www.facebook.com\/MethodeCecilePatin\/\" target=\"_blank\" class=\"bt_bb_link\" title=\"Page Facebook\"><span class=\"bt_bb_button_text\" >Page Facebook<\/span><span  data-ico-fa=\"&#xf230;\" class=\"bt_bb_icon_holder\"><\/span><\/a><\/div><\/div><\/div><\/div><div  class=\"bt_bb_column col-xxl-9 col-xl-9 bt_bb_vertical_align_top bt_bb_align_left bt_bb_padding_normal\" style=\"; --column-width:9;\" data-width=\"9\" data-bt-override-class=\"{}\"><div class=\"bt_bb_column_content\"><div class=\"bt_bb_column_content_inner\"><header class=\"bt_bb_headline bt_bb_dash_none bt_bb_size_inherit bt_bb_align_inherit\" data-bt-override-class=\"{}\"><h1 class=\"bt_bb_headline_tag\"><span class=\"bt_bb_headline_content\"><span>La r\u00e9flexion v\u00e9cue par le jeu corporel<\/span><\/span><\/h1><\/header><div class=\"bt_bb_separator_v2 bt_bb_border_style_none bt_bb_top_spacing_small bt_bb_icon_size_normal bt_bb_text_size_normal bt_bb_separator_v2_without_content\" data-bt-override-class=\"null\"><div class=\"bt_bb_separator_v2_inner\"><span class=\"bt_bb_separator_v2_inner_before\"><\/span><span class=\"bt_bb_separator_v2_inner_content\"><span  data-ico-=\"\" class=\"bt_bb_icon_holder\"><\/span><\/span><span class=\"bt_bb_separator_v2_inner_after\"><\/span><\/div><\/div><div  class=\"bt_bb_text\" ><\/p>\n<p><strong><span style=\"color: #000000;\">La R\u00e9flexion V\u00e9cue est le fruit de trente ans d\u2019exp\u00e9riences et de r\u00e9flexion men\u00e9e par C\u00e9cile PATIN, n\u00e9e en 1923, kin\u00e9sith\u00e9rapeute confront\u00e9e d\u00e8s 1962 aux probl\u00e8mes d\u2019enfants intelligents en difficult\u00e9s d\u2019apprentissages scolaires. C\u2019est en s\u2019appuyant sur sa ma\u00eetrise en gymnastique \u00e9ducative et corrective qu\u2019elle d\u00e9veloppe la m\u00e9thode de la R\u00e9flexion V\u00e9cue par le jeu corporel. Tout d\u2019abord \u00e0 titre personnel, puis dans le cadre du Centre National d\u2019Entra\u00eenement, association 1901, cr\u00e9\u00e9e en 1975 dont elle est Pr\u00e9sidente. Organisme de formation professionnelle depuis 1981, aujourd\u2019hui l\u2019association s\u2019int\u00e9resse \u00e0 diffuser le proc\u00e9d\u00e9.<\/span><\/strong><\/p>\n<p>\n<\/div><div class=\"bt_bb_separator_v2 bt_bb_border_style_none bt_bb_top_spacing_normal bt_bb_icon_size_normal bt_bb_text_size_normal bt_bb_separator_v2_without_content\" data-bt-override-class=\"null\"><div class=\"bt_bb_separator_v2_inner\"><span class=\"bt_bb_separator_v2_inner_before\"><\/span><span class=\"bt_bb_separator_v2_inner_content\"><span  data-ico-=\"\" class=\"bt_bb_icon_holder\"><\/span><\/span><span class=\"bt_bb_separator_v2_inner_after\"><\/span><\/div><\/div><div class=\" bt_bb_row_inner\"   data-bt-override-class=\"{}\"><div class=\"bt_bb_row_inner_holder\"  ><div  class=\"bt_bb_column_inner col-xxl-4 col-xl-4 bt_bb_vertical_align_top bt_bb_align_left bt_bb_padding_normal\"  data-width=\"4\" data-bt-override-class=\"{}\"><div class=\"bt_bb_column_inner_content\"><div class=\"bt_bb_column_inner_content_inner\"><div  class=\"bt_bb_text\" ><\/p>\n<p style=\"text-align: center;\"><a href=\"http:\/\/www.methode-cecile-patin.com\/index.php\/formation-cecile-patin\/\"><img loading=\"lazy\" decoding=\"async\" class=\"alignnone size-full wp-image-620\" src=\"http:\/\/www.methode-cecile-patin.com\/wp-content\/uploads\/2017\/08\/formation.jpg\" alt=\"\" width=\"182\" height=\"155\" \/><\/a><\/p>\n<p style=\"text-align: center;\"><a href=\"http:\/\/www.methode-cecile-patin.com\/index.php\/formation-cecile-patin\/\">&gt; Formation C\u00e9cile Patin<\/a><\/p>\n<p>\n<\/div><\/div><\/div><\/div><div  class=\"bt_bb_column_inner col-xxl-4 col-xl-4 bt_bb_vertical_align_top bt_bb_align_left bt_bb_padding_normal\"  data-width=\"4\" data-bt-override-class=\"{}\"><div class=\"bt_bb_column_inner_content\"><div class=\"bt_bb_column_inner_content_inner\"><div  class=\"bt_bb_text\" ><\/p>\n<p style=\"text-align: center;\"><a href=\"http:\/\/www.methode-cecile-patin.com\/index.php\/stage-de-reflexion-vecue-par-le-jeu-corporel\/\"><img loading=\"lazy\" decoding=\"async\" class=\"alignnone size-full wp-image-621\" src=\"http:\/\/www.methode-cecile-patin.com\/wp-content\/uploads\/2020\/09\/arton2518.jpg\" alt=\"\" width=\"182\" height=\"155\" \/><\/a><\/p>\n<p style=\"text-align: center;\"><a href=\"http:\/\/www.methode-cecile-patin.com\/index.php\/stage-de-reflexion-vecue-par-le-jeu-corporel\/\">&gt; Stage de r\u00e9flexion v\u00e9cue par le jeu corporel<\/a><\/p>\n<p>\n<\/div><\/div><\/div><\/div><div  class=\"bt_bb_column_inner col-xxl-4 col-xl-4 bt_bb_vertical_align_top bt_bb_align_left bt_bb_padding_normal\"  data-width=\"4\" data-bt-override-class=\"{}\"><div class=\"bt_bb_column_inner_content\"><div class=\"bt_bb_column_inner_content_inner\"><div  class=\"bt_bb_text\" ><\/p>\n<p style=\"text-align: center;\"><a href=\"http:\/\/www.methode-cecile-patin.com\/index.php\/suivi-individuel\/\"><img loading=\"lazy\" decoding=\"async\" class=\"alignnone size-full wp-image-622\" src=\"http:\/\/www.methode-cecile-patin.com\/wp-content\/uploads\/2020\/09\/suivi-individuel.jpg\" alt=\"\" width=\"182\" height=\"155\" \/><\/a><\/p>\n<p style=\"text-align: center;\"><a href=\"http:\/\/www.methode-cecile-patin.com\/index.php\/suivi-individuel\/\">&gt; Suivi individuel<\/a><\/p>\n<p>\n<\/div><\/div><\/div><\/div><\/div><\/div><\/div><\/div><\/div><\/div><\/div><\/div><!-- cell_inner --><\/div><!-- cell --><\/div><!-- port --><\/section>\n","protected":false},"excerpt":{"rendered":"","protected":false},"author":2,"featured_media":0,"parent":0,"menu_order":0,"comment_status":"closed","ping_status":"closed","template":"bt-no-sidebar-wide.php","meta":{"footnotes":""},"class_list":["post-389","page","type-page","status-publish","hentry"],"_links":{"self":[{"href":"http:\/\/jzoasjn.cluster023.hosting.ovh.net\/index.php\/wp-json\/wp\/v2\/pages\/389","targetHints":{"allow":["GET"]}}],"collection":[{"href":"http:\/\/jzoasjn.cluster023.hosting.ovh.net\/index.php\/wp-json\/wp\/v2\/pages"}],"about":[{"href":"http:\/\/jzoasjn.cluster023.hosting.ovh.net\/index.php\/wp-json\/wp\/v2\/types\/page"}],"author":[{"embeddable":true,"href":"http:\/\/jzoasjn.cluster023.hosting.ovh.net\/index.php\/wp-json\/wp\/v2\/users\/2"}],"replies":[{"embeddable":true,"href":"http:\/\/jzoasjn.cluster023.hosting.ovh.net\/index.php\/wp-json\/wp\/v2\/comments?post=389"}],"version-history":[{"count":3,"href":"http:\/\/jzoasjn.cluster023.hosting.ovh.net\/index.php\/wp-json\/wp\/v2\/pages\/389\/revisions"}],"predecessor-version":[{"id":1113,"href":"http:\/\/jzoasjn.cluster023.hosting.ovh.net\/index.php\/wp-json\/wp\/v2\/pages\/389\/revisions\/1113"}],"wp:attachment":[{"href":"http:\/\/jzoasjn.cluster023.hosting.ovh.net\/index.php\/wp-json\/wp\/v2\/media?parent=389"}],"curies":[{"name":"wp","href":"https:\/\/api.w.org\/{rel}","templated":true}]}}