{"id":396,"date":"2020-08-20T18:25:07","date_gmt":"2020-08-20T16:25:07","guid":{"rendered":"http:\/\/www.methode-cecile-patin.com\/?page_id=396"},"modified":"2021-11-02T17:50:45","modified_gmt":"2021-11-02T16:50:45","slug":"suivi-individuel","status":"publish","type":"page","link":"http:\/\/jzoasjn.cluster023.hosting.ovh.net\/index.php\/suivi-individuel\/","title":{"rendered":"Suivi individuel"},"content":{"rendered":"<section id=\"bt_bb_section69e0cb5be5a59\" class=\"bt_bb_section bt_bb_layout_boxed_1200 bt_bb_full_screen bt_bb_vertical_align_top\"  data-bt-override-class=\"null\"><div class=\"bt_bb_port\"><div class=\"bt_bb_cell\"><div class=\"bt_bb_cell_inner\"><div class=\"bt_bb_row \"  data-bt-override-class=\"{}\"><div class=\"bt_bb_row_holder\" ><div  class=\"bt_bb_column col-xxl-3 col-xl-3 bt_bb_vertical_align_top bt_bb_align_left bt_bb_padding_normal\" style=\"; --column-width:3;\" data-width=\"3\" data-bt-override-class=\"{}\"><div class=\"bt_bb_column_content\"><div class=\"bt_bb_column_content_inner\"><header class=\"bt_bb_headline bt_bb_dash_none bt_bb_size_inherit bt_bb_align_inherit\" data-bt-override-class=\"{}\"><h6 class=\"bt_bb_headline_tag\"><span class=\"bt_bb_headline_content\"><span>Nos cours :<\/span><\/span><\/h6><\/header><div class=\"bt_bb_custom_menu bt_bb_direction_vertical\"><div class=\"menu-menu-cours-container\"><ul id=\"menu-menu-cours\" class=\"menu\"><li id=\"menu-item-1007\" class=\"menu-item menu-item-type-post_type menu-item-object-page menu-item-1007\"><a href=\"http:\/\/jzoasjn.cluster023.hosting.ovh.net\/index.php\/nous-contacter\/\" title=\"\t\t\t\t\t\t\">Nous contacter<\/a><\/li>\n<\/ul><\/div><\/div><div class=\"bt_bb_separator_v2 bt_bb_border_style_solid bt_bb_top_spacing_small bt_bb_bottom_spacing_small bt_bb_icon_size_normal bt_bb_text_size_normal bt_bb_separator_v2_without_content\" data-bt-override-class=\"null\"><div class=\"bt_bb_separator_v2_inner\"><span class=\"bt_bb_separator_v2_inner_before\"><\/span><span class=\"bt_bb_separator_v2_inner_content\"><span  data-ico-=\"\" class=\"bt_bb_icon_holder\"><\/span><\/span><span class=\"bt_bb_separator_v2_inner_after\"><\/span><\/div><\/div><header class=\"bt_bb_headline bt_bb_dash_none bt_bb_size_inherit bt_bb_align_inherit\" data-bt-override-class=\"{}\"><h6 class=\"bt_bb_headline_tag\"><span class=\"bt_bb_headline_content\"><span>Nos actualit\u00e9s :<\/span><\/span><\/h6><\/header><div class=\"bt_bb_latest_posts bt_bb_columns_1 bt_bb_gap_small bt_bb_image_shape_rounded\"><div class=\"bt_bb_latest_posts_item\"><div class=\"bt_bb_latest_posts_item_image\"><a href=\"http:\/\/jzoasjn.cluster023.hosting.ovh.net\/index.php\/2020\/08\/20\/article-3\/\" target=\"_self\"><img decoding=\"async\" src=\"http:\/\/jzoasjn.cluster023.hosting.ovh.net\/wp-content\/uploads\/2017\/08\/juillet-300x225.jpg\" alt=\"La r\u00e9flexion v\u00e9cue par le jeu corporel\" title=\"La r\u00e9flexion v\u00e9cue par le jeu corporel\" \"><\/a><\/div><div class=\"bt_bb_latest_posts_item_content\"><h5 class=\"bt_bb_latest_posts_item_title\"><a href=\"http:\/\/jzoasjn.cluster023.hosting.ovh.net\/index.php\/2020\/08\/20\/article-3\/\" target=\"_self\">La r\u00e9flexion v\u00e9cue par le jeu corporel<\/a><\/h5><\/div><\/div><\/div><div class=\"bt_bb_button bt_bb_icon_position_left bt_bb_style_outline bt_bb_size_small bt_bb_width_full bt_bb_shape_inherit bt_bb_target_blank bt_bb_align_inherit\" data-bt-override-class=\"{}\"><a href=\"https:\/\/www.facebook.com\/MethodeCecilePatin\/\" target=\"_blank\" class=\"bt_bb_link\" title=\"Page Facebook\"><span class=\"bt_bb_button_text\" >Page Facebook<\/span><span  data-ico-fa=\"&#xf230;\" class=\"bt_bb_icon_holder\"><\/span><\/a><\/div><\/div><\/div><\/div><div  class=\"bt_bb_column col-xxl-9 col-xl-9 bt_bb_vertical_align_top bt_bb_align_left bt_bb_padding_normal\" style=\"; --column-width:9;\" data-width=\"9\" data-bt-override-class=\"{}\"><div class=\"bt_bb_column_content\"><div class=\"bt_bb_column_content_inner\"><header class=\"bt_bb_headline bt_bb_dash_none bt_bb_size_inherit bt_bb_align_inherit\" data-bt-override-class=\"{}\"><h1 class=\"bt_bb_headline_tag\"><span class=\"bt_bb_headline_content\"><span>R\u00e9flexion v\u00e9cue individuelle<\/span><\/span><\/h1><\/header><div class=\"bt_bb_separator_v2 bt_bb_border_style_none bt_bb_bottom_spacing_small bt_bb_icon_size_normal bt_bb_text_size_normal bt_bb_separator_v2_without_content\" data-bt-override-class=\"null\"><div class=\"bt_bb_separator_v2_inner\"><span class=\"bt_bb_separator_v2_inner_before\"><\/span><span class=\"bt_bb_separator_v2_inner_content\"><span  data-ico-=\"\" class=\"bt_bb_icon_holder\"><\/span><\/span><span class=\"bt_bb_separator_v2_inner_after\"><\/span><\/div><\/div><div  class=\"bt_bb_text\" ><\/p>\n<p><img loading=\"lazy\" decoding=\"async\" class=\"wp-image-662 alignright\" src=\"http:\/\/jzoasjn.cluster023.hosting.ovh.net\/wp-content\/uploads\/2020\/09\/20160428_101602-768x1024-1.jpg\" alt=\"\" width=\"400\" height=\"533\" \/>L<strong><span style=\"color: #000000;\">a m\u00e9thode C\u00e9cile Patin a \u00e9t\u00e9 invent\u00e9e \u00e0 partir de prises en charges individuelles d\u2019enfants intelligents inadapt\u00e9s scolaires pr\u00e9sentant des troubles du sch\u00e9ma corporel, de la lat\u00e9ralit\u00e9, avec le temps ou bien l\u2019espace.<\/span><\/strong><\/p>\n<p><strong><span style=\"color: #000000;\">Les prises en charge individuelles se d\u00e9clinent sur un forfait d\u2019une dizaine de s\u00e9ances, renouvelable en cas de besoin. On y travaille uniquement la technique de la r\u00e9flexion v\u00e9cue par le jeu corporel, mais avec la souplesse de la personnalisation d\u2019un suivi adapt\u00e9 \u00e0 chacun.<\/span><\/strong><\/p>\n<p><strong><span style=\"color: #000000;\">Cependant, Agn\u00e8s IRRMANN-PATIN utilise \u00e9galement d\u2019autres comp\u00e9tences d\u2019aide aux apprentissages comme la brain gym, l\u2019\u00e9ducation \u00e9motionnelle et la graphomotricit\u00e9.<\/span><\/strong><\/p>\n<p><strong><span style=\"color: #000000;\">C\u2019est au cours de l\u2019investigation pr\u00e9alable \u00e0 toute prise en charge que le contrat sera \u00e9tabli entre l\u2019enfant (et sa famille) et le praticien.<\/span><\/strong><\/p>\n<p><strong><span style=\"color: #000000;\">D\u00e8s la grande section de maternelle.<\/span><\/strong><\/p>\n<p><strong><span style=\"color: #000000;\">Les prises en charge individuelles se font au si\u00e8ge de l\u2019association mais elles peuvent se faire \u00e0 domicile.<\/span><\/strong><\/p>\n<p>\n<\/div><\/div><\/div><\/div><\/div><\/div><\/div><!-- cell_inner --><\/div><!-- cell --><\/div><!-- port --><\/section>\n","protected":false},"excerpt":{"rendered":"","protected":false},"author":1,"featured_media":0,"parent":0,"menu_order":0,"comment_status":"closed","ping_status":"closed","template":"bt-no-sidebar-wide.php","meta":{"footnotes":""},"class_list":["post-396","page","type-page","status-publish","hentry"],"_links":{"self":[{"href":"http:\/\/jzoasjn.cluster023.hosting.ovh.net\/index.php\/wp-json\/wp\/v2\/pages\/396","targetHints":{"allow":["GET"]}}],"collection":[{"href":"http:\/\/jzoasjn.cluster023.hosting.ovh.net\/index.php\/wp-json\/wp\/v2\/pages"}],"about":[{"href":"http:\/\/jzoasjn.cluster023.hosting.ovh.net\/index.php\/wp-json\/wp\/v2\/types\/page"}],"author":[{"embeddable":true,"href":"http:\/\/jzoasjn.cluster023.hosting.ovh.net\/index.php\/wp-json\/wp\/v2\/users\/1"}],"replies":[{"embeddable":true,"href":"http:\/\/jzoasjn.cluster023.hosting.ovh.net\/index.php\/wp-json\/wp\/v2\/comments?post=396"}],"version-history":[{"count":3,"href":"http:\/\/jzoasjn.cluster023.hosting.ovh.net\/index.php\/wp-json\/wp\/v2\/pages\/396\/revisions"}],"predecessor-version":[{"id":1117,"href":"http:\/\/jzoasjn.cluster023.hosting.ovh.net\/index.php\/wp-json\/wp\/v2\/pages\/396\/revisions\/1117"}],"wp:attachment":[{"href":"http:\/\/jzoasjn.cluster023.hosting.ovh.net\/index.php\/wp-json\/wp\/v2\/media?parent=396"}],"curies":[{"name":"wp","href":"https:\/\/api.w.org\/{rel}","templated":true}]}}