{"id":963,"date":"2017-07-31T00:40:55","date_gmt":"2017-07-30T22:40:55","guid":{"rendered":"http:\/\/www.methode-cecile-patin.com\/?page_id=164"},"modified":"2021-11-02T17:49:29","modified_gmt":"2021-11-02T16:49:29","slug":"stage-de-reflexion-vecue-par-le-jeu-corporel-2","status":"publish","type":"page","link":"http:\/\/jzoasjn.cluster023.hosting.ovh.net\/index.php\/reflexion-vecue\/stage-de-reflexion-vecue-par-le-jeu-corporel-2\/","title":{"rendered":"Stages de r\u00e9flexion v\u00e9cue"},"content":{"rendered":"<section id=\"bt_bb_section69e0cc9f833ed\" class=\"bt_bb_section bt_bb_layout_boxed_1200 bt_bb_full_screen bt_bb_vertical_align_top\"  data-bt-override-class=\"null\"><div class=\"bt_bb_port\"><div class=\"bt_bb_cell\"><div class=\"bt_bb_cell_inner\"><div class=\"bt_bb_row \"  data-bt-override-class=\"{}\"><div class=\"bt_bb_row_holder\" ><div  class=\"bt_bb_column col-xxl-3 col-xl-3 bt_bb_vertical_align_top bt_bb_align_left bt_bb_padding_normal\" style=\"; --column-width:3;\" data-width=\"3\" data-bt-override-class=\"{}\"><div class=\"bt_bb_column_content\"><div class=\"bt_bb_column_content_inner\"><header class=\"bt_bb_headline bt_bb_dash_none bt_bb_size_inherit bt_bb_align_inherit\" data-bt-override-class=\"{}\"><h6 class=\"bt_bb_headline_tag\"><span class=\"bt_bb_headline_content\"><span>Nos cours :<\/span><\/span><\/h6><\/header><div class=\"bt_bb_custom_menu bt_bb_direction_vertical\"><div class=\"menu-menu-cours-container\"><ul id=\"menu-menu-cours\" class=\"menu\"><li id=\"menu-item-1007\" class=\"menu-item menu-item-type-post_type menu-item-object-page menu-item-1007\"><a href=\"http:\/\/jzoasjn.cluster023.hosting.ovh.net\/index.php\/nous-contacter\/\" title=\"\t\t\t\t\t\t\">Nous contacter<\/a><\/li>\n<\/ul><\/div><\/div><div class=\"bt_bb_separator_v2 bt_bb_border_style_solid bt_bb_top_spacing_small bt_bb_bottom_spacing_small bt_bb_icon_size_normal bt_bb_text_size_normal bt_bb_separator_v2_without_content\" data-bt-override-class=\"null\"><div class=\"bt_bb_separator_v2_inner\"><span class=\"bt_bb_separator_v2_inner_before\"><\/span><span class=\"bt_bb_separator_v2_inner_content\"><span  data-ico-=\"\" class=\"bt_bb_icon_holder\"><\/span><\/span><span class=\"bt_bb_separator_v2_inner_after\"><\/span><\/div><\/div><header class=\"bt_bb_headline bt_bb_dash_none bt_bb_size_inherit bt_bb_align_inherit\" data-bt-override-class=\"{}\"><h6 class=\"bt_bb_headline_tag\"><span class=\"bt_bb_headline_content\"><span>Nos actualit\u00e9s :<\/span><\/span><\/h6><\/header><div class=\"bt_bb_latest_posts bt_bb_columns_1 bt_bb_gap_small bt_bb_image_shape_rounded\"><div class=\"bt_bb_latest_posts_item\"><div class=\"bt_bb_latest_posts_item_image\"><a href=\"http:\/\/jzoasjn.cluster023.hosting.ovh.net\/index.php\/2020\/08\/20\/article-3\/\" target=\"_self\"><img decoding=\"async\" src=\"http:\/\/jzoasjn.cluster023.hosting.ovh.net\/wp-content\/uploads\/2017\/08\/juillet-300x225.jpg\" alt=\"La r\u00e9flexion v\u00e9cue par le jeu corporel\" title=\"La r\u00e9flexion v\u00e9cue par le jeu corporel\" \"><\/a><\/div><div class=\"bt_bb_latest_posts_item_content\"><h5 class=\"bt_bb_latest_posts_item_title\"><a href=\"http:\/\/jzoasjn.cluster023.hosting.ovh.net\/index.php\/2020\/08\/20\/article-3\/\" target=\"_self\">La r\u00e9flexion v\u00e9cue par le jeu corporel<\/a><\/h5><\/div><\/div><\/div><div class=\"bt_bb_button bt_bb_icon_position_left bt_bb_style_outline bt_bb_size_small bt_bb_width_full bt_bb_shape_inherit bt_bb_target_blank bt_bb_align_inherit\" data-bt-override-class=\"{}\"><a href=\"https:\/\/www.facebook.com\/MethodeCecilePatin\/\" target=\"_blank\" class=\"bt_bb_link\" title=\"Page Facebook\"><span class=\"bt_bb_button_text\" >Page Facebook<\/span><span  data-ico-fa=\"&#xf230;\" class=\"bt_bb_icon_holder\"><\/span><\/a><\/div><\/div><\/div><\/div><div  class=\"bt_bb_column col-xxl-9 col-xl-9 bt_bb_vertical_align_top bt_bb_align_left bt_bb_padding_normal\" style=\"; --column-width:9;\" data-width=\"9\" data-bt-override-class=\"{}\"><div class=\"bt_bb_column_content\"><div class=\"bt_bb_column_content_inner\"><header class=\"bt_bb_headline bt_bb_dash_none bt_bb_size_inherit bt_bb_align_inherit\" data-bt-override-class=\"{}\"><h1 class=\"bt_bb_headline_tag\"><span class=\"bt_bb_headline_content\"><span>Stages de r\u00e9flexion v\u00e9cue par le jeu corporel<\/span><\/span><\/h1><\/header><div class=\"bt_bb_separator_v2 bt_bb_border_style_none bt_bb_top_spacing_small bt_bb_icon_size_normal bt_bb_text_size_normal bt_bb_separator_v2_without_content\" data-bt-override-class=\"null\"><div class=\"bt_bb_separator_v2_inner\"><span class=\"bt_bb_separator_v2_inner_before\"><\/span><span class=\"bt_bb_separator_v2_inner_content\"><span  data-ico-=\"\" class=\"bt_bb_icon_holder\"><\/span><\/span><span class=\"bt_bb_separator_v2_inner_after\"><\/span><\/div><\/div><div  class=\"bt_bb_text\" ><\/p>\n<p><strong><span style=\"color: #000000;\">Il est indispensable de rencontrer l&rsquo;enfant pr\u00e9alablement\u00a0au stage\u00a0afin de b\u00e2tir\u00a0un projet<br \/>\n<\/span><\/strong><\/p>\n<p><strong><span style=\"color: #000000;\">Une session de r\u00e9flexion v\u00e9cue par le jeu corporel se d\u00e9roule dans un gymnase ou une vaste salle polyvalente. Un espace scolaire y est install\u00e9 :\u00a0des tables, des chaises,\u00a0un tableau&#8230; C&rsquo;est le gymnase qui sert de lieu de travail en priorit\u00e9 : jeux corporels hi\u00e9rarchis\u00e9s sont ainsi propos\u00e9s afin d&rsquo;entra\u00eener les enfants \u00e0 passer un \u00ab\u00a0permis de conduire\u00a0\u00bb.<\/span><\/strong><\/p>\n<p><strong><span style=\"color: #000000;\">L&rsquo;INVESTIGATION SE FAIT SUR RENDEZ-VOUS AVANT LE STAGE<img loading=\"lazy\" decoding=\"async\" class=\"alignright wp-image-437 size-full\" src=\"http:\/\/jzoasjn.cluster023.hosting.ovh.net\/wp-content\/uploads\/2017\/08\/rvjc.png\" alt=\"\" width=\"343\" height=\"227\" srcset=\"http:\/\/jzoasjn.cluster023.hosting.ovh.net\/wp-content\/uploads\/2017\/08\/rvjc.png 343w, http:\/\/jzoasjn.cluster023.hosting.ovh.net\/wp-content\/uploads\/2017\/08\/rvjc-300x199.png 300w\" sizes=\"auto, (max-width: 343px) 100vw, 343px\" \/><\/span><\/strong><br \/>\n<strong><span style=\"color: #000000;\">Pr\u00e9alablement \u00e0 la session chaque enfant vient faire une investigation en pr\u00e9sence de ses parents. Cet entretien dure en moyenne une heure et demie et permet d&rsquo;appr\u00e9hender le comportement de l&rsquo;enfant qui vient nous voir parce qu&rsquo;il rencontre des difficult\u00e9s en g\u00e9n\u00e9ral dans le cadre scolaire. Nous lui faisons un petit questionnaire de notions g\u00e9n\u00e9rales qui nous informe d\u00e9j\u00e0\u00a0sur les acquis de base comme\u00a0les\u00a0mesures du temps, les notions de chiffres, de lettres&#8230; En m\u00eame temps nous \u00e9valuons son \u00e9coute de la consigne, son \u00e9motivit\u00e9, sa facult\u00e9 \u00e0 raisonner, sa fa\u00e7on de r\u00e9pondre, son attitude en g\u00e9n\u00e9ral vis \u00e0 vis d&rsquo;un test verbal.<\/span><\/strong><\/p>\n<p><strong><span style=\"color: #000000;\">Une autre \u00e9tape lui demande d&rsquo;effectuer des exercices divers afin d&rsquo;\u00e9valuer ses connaissance sur\u00a0le sch\u00e9ma corporel, la lat\u00e9ralit\u00e9, l&rsquo;espace ainsi que sa conduite des gestes : fluidit\u00e9 ou maladresse, rapidit\u00e9 (trop ou pas assez), coordination, \u00e9quilibre, tonus.\u00a0 Au travers des erreurs commises l&rsquo;investigation r\u00e9v\u00e8le en g\u00e9n\u00e9ral la valeur de l&rsquo;enfant : on y aper\u00e7oit plus les possibilit\u00e9s que le manque d&rsquo;aptitudes. La r\u00e9ussite est accessible, l&rsquo;enfant\u00a0n&rsquo;est pas l&rsquo;incapable que l&rsquo;on croyait mais il lui faut r\u00e9fl\u00e9chir s\u00e9rieusement. La session de r\u00e9flexion v\u00e9cue par le jeu corporel est l\u00e0 pour l&rsquo;entra\u00eener\u00a0\u00e0 faire autrement que ce qu&rsquo;il met en place habituellement.<\/span><\/strong><\/p>\n<p><strong><span style=\"color: #000000;\">Cette investigation psychomotrice permet d&rsquo;\u00e9tablir un projet de stage avec l&rsquo;enfant et d&rsquo;obtenir ainsi son adh\u00e9sion.<\/span><\/strong><\/p>\n<p><strong><span style=\"color: #000000;\"><a style=\"color: #000000;\" href=\"http:\/\/www.methode-cecile-patin.com\/index.php\/exemple-de-compte-rendu-dinvestigation\/\">&gt; Voir un exemple de compte rendu d&rsquo;investigation<\/a><\/span><\/strong><\/p>\n<p><strong><span style=\"color: #000000;\">DUR\u00c9E DU STAGE<\/span><\/strong><br \/>\n<strong><span style=\"color: #000000;\">La session de\u00a05 jours cons\u00e9cutifs est n\u00e9cessaire afin de pouvoir d\u00e9faire l&rsquo;enfant de ses habitudes\u00a0ant\u00e9rieures. C&rsquo;est tout un travail sur l&rsquo;attention qui est en priorit\u00e9 \u00e9tabli : \u00e0 base d&rsquo;\u00e9coute et d&rsquo;exercices au tambourin, l&rsquo;enfant va passer du r\u00f4le d&rsquo;ex\u00e9cutant \u00e0 celui de chef et contr\u00f4leur du groupe. L&rsquo;\u00e9tablissement de contrat et de constat pour chaque exercice l&rsquo;am\u00e8ne\u00a0d&rsquo;une part \u00e0 \u00e9valuer son niveau de difficult\u00e9s, et d&rsquo;autre part\u00a0\u00e0 d\u00e9velopper sa lucidit\u00e9. Le praticien entra\u00eene l&rsquo;enfant \u00e0 d\u00e9passer la difficult\u00e9 rencontr\u00e9e et \u00e0 syst\u00e9matiquement terminer sur une action r\u00e9ussie. La connaissance d\u00e9taill\u00e9e de soi, l&rsquo;\u00e9tude du corps, des segments corporels, des articulations, des organes principaux permet de constater, de contr\u00f4ler, de ma\u00eetriser son attention, base n\u00e9cessaire \u00e0 la perception puis \u00e0 l&rsquo;ex\u00e9cution. C&rsquo;est une sorte de dressage de soi-m\u00eame qui se fait : l&rsquo;enfant doit se capter d&rsquo;abord pour pouvoir se conduire et arriver \u00e0 commander les autres.<\/span><\/strong><\/p>\n<p><strong><span style=\"color: #000000;\">Le stage de 3 jours est propos\u00e9 pour les plus jeunes enfants de 6 et 7 ans mais 5 jours sont n\u00e9cessaires pour que l&rsquo;enfant puisse apercevoir le d\u00e9bouch\u00e9 scolaire de cette m\u00e9thode. Tous les jeux sont, une fois contr\u00f4l\u00e9s, retranscrits ou reconnus sur des fiches graphiques : l&rsquo;enfant devient l&rsquo;\u00e9l\u00e8ve qui doit se retrouver dans l&rsquo;espace d&rsquo;une fiche avec des codes dont il ne sait pas\u00a0forc\u00e9ment\u00a0se servir : le coin en bas et \u00e0 droite de la feuille, les lignes et les colonnes, le sens de la ligne de lecture pour certains, et, pour d&rsquo;autres l&rsquo;accord du participe pass\u00e9 avec l&rsquo;auxiliaire avoir !<\/span><\/strong><\/p>\n<p><strong><span style=\"color: #000000;\">A l&rsquo;issue du stage, un compte rendu \u00e9crit est fourni \u00e0 la famille, un bilan est propos\u00e9 apr\u00e8s 1 mois et, en cas de besoin, des accompagnements peuvent \u00eatre propos\u00e9s. La plupart du temps, la session a remplie sa mission.<\/span><\/strong><\/p>\n<p><strong><span style=\"color: #000000;\">EFFECTIFS DU STAGE<\/span><\/strong><br \/>\n<strong><span style=\"color: #000000;\">Pour pouvoir accompagner, entra\u00eener, pousser chaque enfant \u00e0 la r\u00e9ussite, un groupe ne peut pas d\u00e9passer 7 participants et,\u00a0il nous faut souvent \u00eatre 2 encadrants par session : un praticien en r\u00e9flexion v\u00e9cue par le jeu corporel, et un autre praticien ou un adulte en formation professionnelle. Les 2 adultes\u00a0se relayent autant pour la prise en main du groupe que pour l&rsquo;observation et la prise de notes toute la journ\u00e9e.<\/span><\/strong><\/p>\n<p><strong><span style=\"color: #000000;\">COUT DU STAGE<\/span><\/strong><\/p>\n<p><strong><span style=\"color: #000000;\">Tarifs selon le quotient familial.<br \/>\nLors de l&rsquo;investigation nous \u00e9tablissons avec la famille le co\u00fbt du stage en fonction du\u00a0quotient familial et de la dur\u00e9e du stage.<\/span><\/strong><br \/>\n<strong><span style=\"color: #000000;\">L&rsquo;investigation est payante : 60 \u20ac. Le compte rendu \u00e9crit : 40 \u20ac<\/span><\/strong><\/p>\n<p><strong><span style=\"color: #000000;\">Le co\u00fbt du stage varie entre 150\u20ac et 285\u20ac les 3 jours et entre 250\u20ac et 475\u20ac les 5 jours.<\/span><\/strong><br \/>\n<strong><span style=\"color: #000000;\">Des facilit\u00e9s de paiements sont propos\u00e9es. Nous acceptons les ch\u00e8ques vacances\u00a0ANCV.<\/span><\/strong><\/p>\n<p><strong><span style=\"color: #000000;\"><a style=\"color: #000000;\" href=\"http:\/\/www.methode-cecile-patin.com\/index.php\/tarifs\/\">&gt; Consulter les tarifs<\/a><\/span><\/strong><\/p>\n<p><strong><span style=\"color: #000000;\">HORAIRES, RYTHME DE TRAVAIL, REPAS<br \/>\nLes journ\u00e9es commencent \u00e0 9H et se terminent \u00e0 16H30.<\/span><\/strong><\/p>\n<p><strong><span style=\"color: #000000;\">Le d\u00e9roulement des demi-journ\u00e9es se fait au gr\u00e9e de l&rsquo;animatrice qui d\u00e9cide des temps de pause : ces temps libres se font dans le lieu de l&rsquo;activit\u00e9, souvent un gymnase ou une vaste salle polyvalente. Les enfants ont l&rsquo;autorisation de s&rsquo;y d\u00e9tendre (tapis de sol),\u00a0de s&rsquo;y d\u00e9fouler (divers mat\u00e9riel mis \u00e0 disposition) ou de dessiner&#8230; L&rsquo;animatrice\u00a0est toujours op\u00e9rationnelle aupr\u00e8s des enfants, il ne lui est pas accord\u00e9\u00a0de temps de pause. Tous les moments sont sources d&rsquo;accompagnement p\u00e9dagogique. C&rsquo;est pourquoi il y a\u00a02 adultes pr\u00e9sents en permanence.<\/span><\/strong><\/p>\n<p><strong><span style=\"color: #000000;\">Les enfants apportent\u00a0un repas froid et ils\u00a0pique-niquent ensemble. Le temps du repas est aussi une prise en charge p\u00e9dagogique, davantage dans l&rsquo;observation pour certains et plut\u00f4t dans l&rsquo;\u00e9ducation pour d&rsquo;autres. En effet certains enfants se signalent plus particuli\u00e8rement en dehors des s\u00e9ances de travail : il nous faut leur apprendre \u00e0 g\u00e9rer leur comportement pendant les temps de \u00ab\u00a0r\u00e9cr\u00e9\u00a0\u00bb.<\/span><\/strong><\/p>\n<p><strong><span style=\"color: #000000;\">TENUE<\/span><\/strong><br \/>\n<strong><span style=\"color: #000000;\">Les enfants doivent porter une tenue de \u00ab\u00a0sport\u00a0\u00bb adapt\u00e9e \u00e0 l&rsquo;activit\u00e9 : ni jupe, ni pantalon de ville mais la tenue souple et sportive d&rsquo;un\u00a0gymnaste et des chaussons de gym ou bien pieds nus. Les enfants qui n&rsquo;ont pas de tenue adapt\u00e9e ne sont pas accept\u00e9s en stage : ils doivent se changer en entrant dans la salle et, ainsi, se pr\u00e9parer mentalement \u00e0 une action sp\u00e9cifique : conduire\u00a0leur corps.<\/span><\/strong><\/p>\n<p><strong><span style=\"color: #000000;\">MAT\u00c9RIEL<br \/>\nl&rsquo;enfant apporte\u00a0une trousse d&rsquo;\u00e9cole avec le mat\u00e9riel de base : crayon \u00e0 papier, gomme, r\u00e8gle plate, stylos et crayons de couleurs,\u00a0feutres. Il apporte \u00e9galement une chemise cartonn\u00e9e avec rabats ou un lutin\u00a0plastifi\u00e9 permettant de classer et d&rsquo;ordonner les fiches sur lesquelles nous le faisons travailler.<\/span><\/strong><\/p>\n<p>\n<\/div><\/div><\/div><\/div><\/div><\/div><\/div><!-- cell_inner --><\/div><!-- cell --><\/div><!-- port --><\/section>\n","protected":false},"excerpt":{"rendered":"","protected":false},"author":1,"featured_media":0,"parent":389,"menu_order":0,"comment_status":"closed","ping_status":"closed","template":"bt-no-sidebar-wide.php","meta":{"footnotes":""},"class_list":["post-963","page","type-page","status-publish","hentry"],"_links":{"self":[{"href":"http:\/\/jzoasjn.cluster023.hosting.ovh.net\/index.php\/wp-json\/wp\/v2\/pages\/963","targetHints":{"allow":["GET"]}}],"collection":[{"href":"http:\/\/jzoasjn.cluster023.hosting.ovh.net\/index.php\/wp-json\/wp\/v2\/pages"}],"about":[{"href":"http:\/\/jzoasjn.cluster023.hosting.ovh.net\/index.php\/wp-json\/wp\/v2\/types\/page"}],"author":[{"embeddable":true,"href":"http:\/\/jzoasjn.cluster023.hosting.ovh.net\/index.php\/wp-json\/wp\/v2\/users\/1"}],"replies":[{"embeddable":true,"href":"http:\/\/jzoasjn.cluster023.hosting.ovh.net\/index.php\/wp-json\/wp\/v2\/comments?post=963"}],"version-history":[{"count":1,"href":"http:\/\/jzoasjn.cluster023.hosting.ovh.net\/index.php\/wp-json\/wp\/v2\/pages\/963\/revisions"}],"predecessor-version":[{"id":1116,"href":"http:\/\/jzoasjn.cluster023.hosting.ovh.net\/index.php\/wp-json\/wp\/v2\/pages\/963\/revisions\/1116"}],"up":[{"embeddable":true,"href":"http:\/\/jzoasjn.cluster023.hosting.ovh.net\/index.php\/wp-json\/wp\/v2\/pages\/389"}],"wp:attachment":[{"href":"http:\/\/jzoasjn.cluster023.hosting.ovh.net\/index.php\/wp-json\/wp\/v2\/media?parent=963"}],"curies":[{"name":"wp","href":"https:\/\/api.w.org\/{rel}","templated":true}]}}