{"id":965,"date":"2017-08-02T09:55:43","date_gmt":"2017-08-02T07:55:43","guid":{"rendered":"http:\/\/www.methode-cecile-patin.com\/?page_id=351"},"modified":"2025-03-02T18:48:32","modified_gmt":"2025-03-02T17:48:32","slug":"notre-association-2","status":"publish","type":"page","link":"http:\/\/jzoasjn.cluster023.hosting.ovh.net\/index.php\/notre-association-2\/","title":{"rendered":"Notre association"},"content":{"rendered":"<p><section id=\"bt_bb_section69f2bed349809\" class=\"bt_bb_section bt_bb_layout_boxed_1200 bt_bb_full_screen bt_bb_vertical_align_top\"  data-bt-override-class=\"null\"><div class=\"bt_bb_port\"><div class=\"bt_bb_cell\"><div class=\"bt_bb_cell_inner\"><div class=\"bt_bb_row \"  data-bt-override-class=\"{}\"><div class=\"bt_bb_row_holder\" ><div  class=\"bt_bb_column col-xxl-3 col-xl-3 bt_bb_vertical_align_top bt_bb_align_left bt_bb_padding_normal\" style=\"; --column-width:3;\" data-width=\"3\" data-bt-override-class=\"{}\"><div class=\"bt_bb_column_content\"><div class=\"bt_bb_column_content_inner\"><header class=\"bt_bb_headline bt_bb_dash_none bt_bb_size_inherit bt_bb_align_inherit\" data-bt-override-class=\"{}\"><h6 class=\"bt_bb_headline_tag\"><span class=\"bt_bb_headline_content\"><span>Nos cours :<\/span><\/span><\/h6><\/header><div class=\"bt_bb_custom_menu bt_bb_direction_vertical\"><div class=\"menu-menu-cours-container\"><ul id=\"menu-menu-cours\" class=\"menu\"><li id=\"menu-item-1007\" class=\"menu-item menu-item-type-post_type menu-item-object-page menu-item-1007\"><a href=\"http:\/\/jzoasjn.cluster023.hosting.ovh.net\/index.php\/nous-contacter\/\" title=\"\t\t\t\t\t\t\">Nous contacter<\/a><\/li>\n<\/ul><\/div><\/div><div class=\"bt_bb_separator_v2 bt_bb_border_style_solid bt_bb_top_spacing_small bt_bb_bottom_spacing_small bt_bb_icon_size_normal bt_bb_text_size_normal bt_bb_separator_v2_without_content\" data-bt-override-class=\"null\"><div class=\"bt_bb_separator_v2_inner\"><span class=\"bt_bb_separator_v2_inner_before\"><\/span><span class=\"bt_bb_separator_v2_inner_content\"><span  data-ico-=\"\" class=\"bt_bb_icon_holder\"><\/span><\/span><span class=\"bt_bb_separator_v2_inner_after\"><\/span><\/div><\/div><header class=\"bt_bb_headline bt_bb_dash_none bt_bb_size_inherit bt_bb_align_inherit\" data-bt-override-class=\"{}\"><h6 class=\"bt_bb_headline_tag\"><span class=\"bt_bb_headline_content\"><span>Nos actualit\u00e9s :<\/span><\/span><\/h6><\/header><div class=\"bt_bb_latest_posts bt_bb_columns_1 bt_bb_gap_small bt_bb_image_shape_rounded\"><div class=\"bt_bb_latest_posts_item\"><div class=\"bt_bb_latest_posts_item_image\"><a href=\"http:\/\/jzoasjn.cluster023.hosting.ovh.net\/index.php\/2020\/08\/20\/article-3\/\" target=\"_self\"><img decoding=\"async\" src=\"http:\/\/jzoasjn.cluster023.hosting.ovh.net\/wp-content\/uploads\/2017\/08\/juillet-300x225.jpg\" alt=\"La r\u00e9flexion v\u00e9cue par le jeu corporel\" title=\"La r\u00e9flexion v\u00e9cue par le jeu corporel\" \"><\/a><\/div><div class=\"bt_bb_latest_posts_item_content\"><h5 class=\"bt_bb_latest_posts_item_title\"><a href=\"http:\/\/jzoasjn.cluster023.hosting.ovh.net\/index.php\/2020\/08\/20\/article-3\/\" target=\"_self\">La r\u00e9flexion v\u00e9cue par le jeu corporel<\/a><\/h5><\/div><\/div><\/div><div class=\"bt_bb_button bt_bb_icon_position_left bt_bb_style_outline bt_bb_size_small bt_bb_width_full bt_bb_shape_inherit bt_bb_target_blank bt_bb_align_inherit\" data-bt-override-class=\"{}\"><a href=\"https:\/\/www.facebook.com\/MethodeCecilePatin\/\" target=\"_blank\" class=\"bt_bb_link\" title=\"Page Facebook\"><span class=\"bt_bb_button_text\" >Page Facebook<\/span><span  data-ico-fa=\"&#xf230;\" class=\"bt_bb_icon_holder\"><\/span><\/a><\/div><div data-bb-version=\"4.9.1\" class=\"bt_bb_separator_v2 bt_bb_border_style_solid bt_bb_color_scheme_2 bt_bb_top_spacing_extra_small bt_bb_bottom_spacing_extra_small bt_bb_border_thickness_2 bt_bb_icon_size_normal bt_bb_text_size_normal bt_bb_separator_v2_without_content\" style=\"; --primary-color:#fff; --secondary-color:#000;\" data-bt-override-class=\"{&quot;bt_bb_top_spacing_&quot;:{&quot;current_class&quot;:&quot;bt_bb_top_spacing_extra_small&quot;,&quot;def&quot;:&quot;extra_small&quot;},&quot;bt_bb_bottom_spacing_&quot;:{&quot;current_class&quot;:&quot;bt_bb_bottom_spacing_extra_small&quot;,&quot;def&quot;:&quot;extra_small&quot;},&quot;bt_bb_border_thickness_&quot;:{&quot;current_class&quot;:&quot;bt_bb_border_thickness_2&quot;,&quot;def&quot;:&quot;2&quot;},&quot;bt_bb_icon_size_&quot;:{&quot;current_class&quot;:&quot;bt_bb_icon_size_normal&quot;,&quot;def&quot;:&quot;normal&quot;},&quot;bt_bb_text_size_&quot;:{&quot;current_class&quot;:&quot;bt_bb_text_size_normal&quot;,&quot;def&quot;:&quot;normal&quot;}}\"><div class=\"bt_bb_separator_v2_inner\"><span class=\"bt_bb_separator_v2_inner_before\"><\/span><span class=\"bt_bb_separator_v2_inner_content\"><span  data-ico-=\"\" class=\"bt_bb_icon_holder\"><\/span><\/span><span class=\"bt_bb_separator_v2_inner_after\"><\/span><\/div><\/div><div data-bb-version=\"4.9.1\"  class=\"bt_bb_text\" ><\/p>\n<p style=\"text-align: center\">&gt; <a href=\"http:\/\/jzoasjn.cluster023.hosting.ovh.net\/wp-content\/uploads\/2025\/03\/BOUQUIN-MCP-16-sur-24.pdf\">R\u00e9ussir gr\u00e2ce \u00e0 la m\u00e9thode de la R\u00e9flexion V\u00e9cue par le jeu corporel<\/a><\/p>\n<p>\n<\/div><div data-bb-version=\"4.9.1\" class=\"bt_bb_image bt_bb_shape_square bt_bb_target_self bt_bb_align_center bt_bb_hover_style_simple bt_bb_content_display_always bt_bb_content_align_bottom\" data-bt-override-class=\"{&quot;bt_bb_align_&quot;:{&quot;current_class&quot;:&quot;bt_bb_align_center&quot;,&quot;def&quot;:&quot;center&quot;},&quot;bt_bb_content_display_&quot;:{&quot;current_class&quot;:&quot;bt_bb_content_display_always&quot;,&quot;def&quot;:&quot;always&quot;}}\"><a href=\"http:\/\/jzoasjn.cluster023.hosting.ovh.net\/wp-content\/uploads\/2025\/03\/images.jpeg\"  target=\"_self\" title=\"images\"><img loading=\"lazy\" decoding=\"async\" width=\"188\" height=\"268\" src=\"http:\/\/jzoasjn.cluster023.hosting.ovh.net\/wp-content\/uploads\/2025\/03\/images.jpeg\" class=\"attachment-full size-full\" alt=\"http:\/\/jzoasjn.cluster023.hosting.ovh.net\/wp-content\/uploads\/2025\/03\/images.jpeg\" data-full_image_src=\"http:\/\/jzoasjn.cluster023.hosting.ovh.net\/wp-content\/uploads\/2025\/03\/images.jpeg\" title=\"images\" sizes=\"auto, 100vw\" \/><\/a><\/div><\/div><\/div><\/div><div  class=\"bt_bb_column col-xxl-9 col-xl-9 bt_bb_vertical_align_top bt_bb_align_left bt_bb_padding_normal\" style=\"; --column-width:9;\" data-width=\"9\" data-bt-override-class=\"{}\"><div class=\"bt_bb_column_content\"><div class=\"bt_bb_column_content_inner\"><header class=\"bt_bb_headline bt_bb_dash_none bt_bb_size_inherit bt_bb_align_inherit\" data-bt-override-class=\"{}\"><h1 class=\"bt_bb_headline_tag\"><span class=\"bt_bb_headline_content\"><span>Notre association<\/span><\/span><\/h1><\/header><div class=\"bt_bb_separator_v2 bt_bb_border_style_none bt_bb_bottom_spacing_small bt_bb_icon_size_normal bt_bb_text_size_normal bt_bb_separator_v2_without_content\" data-bt-override-class=\"null\"><div class=\"bt_bb_separator_v2_inner\"><span class=\"bt_bb_separator_v2_inner_before\"><\/span><span class=\"bt_bb_separator_v2_inner_content\"><span  data-ico-=\"\" class=\"bt_bb_icon_holder\"><\/span><\/span><span class=\"bt_bb_separator_v2_inner_after\"><\/span><\/div><\/div><div  class=\"bt_bb_text\" ><\/p>\n<div class=\"bt_bb_text\">\n<p><strong><span style=\"color: #000000\">Fond\u00e9e par C\u00e9cile Patin en 1975, l\u2019association a pour premi\u00e8re mission d\u2019aider les enfants en difficult\u00e9 scolaire et\/ou comportementale. Le postulat de base est simple : il faut vivre physiquement certains concepts fondamentaux pour trouver une harmonie entre corps et esprit : temps, espace, rythme, lat\u00e9ralit\u00e9\u2026<\/span><\/strong><\/p>\n<p><strong><span style=\"color: #000000\">Ainsi de nombreux enfants ont pu b\u00e9n\u00e9ficier de cette formation pour retrouver concentration, confiance en soi, conscience de leur corps, de leur esprit, de leur v\u00e9cu et conscience de l\u2019autre. Au fil des ann\u00e9es, enrichie par de nombreuses rencontres et de fructueuses collaborations, la formation s\u2019est \u00e9toff\u00e9e pour \u00e9largir son champ d\u2019intervention \u00e0 un public plus large. Dyslexie, hyperactivit\u00e9, timidit\u00e9, handicap moteur, handicap mental sont autant de situations dans lesquelles la M\u00e9thode \u00e9labor\u00e9e par C\u00e9cile Patin a pu porter ses fruits. Agn\u00e8s Irrmann, fille de C\u00e9cile Patin, propose aujourd\u2019hui des stages \u00e9ducatifs ou des interventions ponctuelles au sein des structures qui le demandent.<\/span><\/strong><\/p>\n<p><strong><span style=\"color: #000000\">Un livre sur la m\u00e9thode C\u00e9cile Patin vient d\u2019\u00eatre \u00e9dit\u00e9 en 2021. Pour se le procurer il suffit de nous en faire la demande par mail (cecile.patin@laposte.net). Le livre vous sera donn\u00e9 contre un don de 15 \u20ac ajout\u00e9 des frais de transports s\u2019il y en a. Ce livre pr\u00e9sente le parcours de C\u00e9cile Patin ainsi que sa m\u00e9thode avec toutes les fiches techniques.<\/span><\/strong><\/p>\n<\/div>\n<p>\n<\/div><div class=\"bt_bb_separator_v2 bt_bb_border_style_none bt_bb_bottom_spacing_normal bt_bb_icon_size_normal bt_bb_text_size_normal bt_bb_separator_v2_without_content\" data-bt-override-class=\"null\"><div class=\"bt_bb_separator_v2_inner\"><span class=\"bt_bb_separator_v2_inner_before\"><\/span><span class=\"bt_bb_separator_v2_inner_content\"><span  data-ico-=\"\" class=\"bt_bb_icon_holder\"><\/span><\/span><span class=\"bt_bb_separator_v2_inner_after\"><\/span><\/div><\/div><div class=\" bt_bb_row_inner\"   data-bt-override-class=\"{}\"><div class=\"bt_bb_row_inner_holder\"  ><div  class=\"bt_bb_column_inner col-xxl-3 col-xl-3 bt_bb_vertical_align_top bt_bb_align_left bt_bb_padding_normal\"  data-width=\"3\" data-bt-override-class=\"{}\"><div class=\"bt_bb_column_inner_content\"><div class=\"bt_bb_column_inner_content_inner\"><div  class=\"bt_bb_text\" ><\/p>\n<p><a href=\"http:\/\/www.methode-cecile-patin.com\/index.php\/notre-association\/toute-lhistoire-de-lassociation\/\"><img loading=\"lazy\" decoding=\"async\" class=\"alignnone size-full wp-image-673 aligncenter\" src=\"http:\/\/jzoasjn.cluster023.hosting.ovh.net\/wp-content\/uploads\/2017\/08\/vign-histoire.jpg\" alt=\"\" width=\"182\" height=\"154\" \/><\/a><\/p>\n<p style=\"text-align: center\"><a href=\"http:\/\/www.methode-cecile-patin.com\/index.php\/notre-association\/toute-lhistoire-de-lassociation\/\">&gt; Toute l\u2019histoire de l\u2019association<\/a><\/p>\n<p>\n<\/div><\/div><\/div><\/div><div  class=\"bt_bb_column_inner col-xxl-3 col-xl-3 bt_bb_vertical_align_top bt_bb_align_left bt_bb_padding_normal\"  data-width=\"3\" data-bt-override-class=\"{}\"><div class=\"bt_bb_column_inner_content\"><div class=\"bt_bb_column_inner_content_inner\"><div  class=\"bt_bb_text\" ><\/p>\n<p style=\"text-align: center\"><a href=\"http:\/\/www.methode-cecile-patin.com\/index.php\/notre-association\/temoignages\/\"><img loading=\"lazy\" decoding=\"async\" class=\"alignnone size-full wp-image-674 aligncenter\" src=\"http:\/\/jzoasjn.cluster023.hosting.ovh.net\/wp-content\/uploads\/2017\/08\/vign-temoignages.jpg\" alt=\"\" width=\"182\" height=\"155\" \/><\/a><\/p>\n<p style=\"text-align: center\">&gt; <a href=\"http:\/\/www.methode-cecile-patin.com\/index.php\/notre-association\/temoignages\/\">T\u00e9moignages<\/a><\/p>\n<p>\n<\/div><\/div><\/div><\/div><div  class=\"bt_bb_column_inner col-xxl-3 col-xl-3 bt_bb_vertical_align_top bt_bb_align_left bt_bb_padding_normal\"  data-width=\"3\" data-bt-override-class=\"{}\"><div class=\"bt_bb_column_inner_content\"><div class=\"bt_bb_column_inner_content_inner\"><div  class=\"bt_bb_text\" ><\/p>\n<p style=\"text-align: center\"><a href=\"http:\/\/www.methode-cecile-patin.com\/index.php\/notre-association\/actualites\/\"><img loading=\"lazy\" decoding=\"async\" class=\"size-full wp-image-675 aligncenter\" src=\"http:\/\/jzoasjn.cluster023.hosting.ovh.net\/wp-content\/uploads\/2017\/08\/vign-actualites.png\" alt=\"\" width=\"182\" height=\"155\" \/><\/a><\/p>\n<p style=\"text-align: center\"><a href=\"http:\/\/www.methode-cecile-patin.com\/index.php\/notre-association\/actualites\/\">&gt; Actualit\u00e9s<\/a><\/p>\n<p>\n<\/div><\/div><\/div><\/div><div  class=\"bt_bb_column_inner col-xxl-3 col-xl-3 bt_bb_vertical_align_top bt_bb_align_left bt_bb_padding_normal\"  data-width=\"3\" data-bt-override-class=\"{}\"><div class=\"bt_bb_column_inner_content\"><div class=\"bt_bb_column_inner_content_inner\"><div  class=\"bt_bb_text\" ><\/p>\n<p style=\"text-align: center\"><a href=\"http:\/\/www.methode-cecile-patin.com\/index.php\/notre-association\/galerie-photos\/\"><img loading=\"lazy\" decoding=\"async\" class=\"size-full wp-image-676 aligncenter\" src=\"http:\/\/jzoasjn.cluster023.hosting.ovh.net\/wp-content\/uploads\/2017\/08\/vign-galerie-photos.jpg\" alt=\"\" width=\"182\" height=\"155\" \/><\/a><\/p>\n<p style=\"text-align: center\"><a href=\"http:\/\/www.methode-cecile-patin.com\/index.php\/notre-association\/galerie-photos\/\">&gt; Galerie photos<\/a><\/p>\n<p>\n<\/div><\/div><\/div><\/div><\/div><\/div><div class=\" bt_bb_row_inner\"   data-bt-override-class=\"{}\"><div class=\"bt_bb_row_inner_holder\"  ><div  class=\"bt_bb_column_inner col-xxl-3 col-xl-3 bt_bb_vertical_align_top bt_bb_align_left bt_bb_padding_normal\"  data-width=\"3\" data-bt-override-class=\"{}\"><div class=\"bt_bb_column_inner_content\"><div class=\"bt_bb_column_inner_content_inner\"><div  class=\"bt_bb_text\" ><\/p>\n<p><a href=\"http:\/\/jzoasjn.cluster023.hosting.ovh.net\/wp-content\/uploads\/2025\/03\/montage-version-anglaise-V3.pdf\"><img loading=\"lazy\" decoding=\"async\" class=\"alignnone size-full wp-image-673 aligncenter\" src=\"http:\/\/jzoasjn.cluster023.hosting.ovh.net\/wp-content\/uploads\/2025\/03\/vector-polygon-active-figure-set.jpg\" alt=\"\" width=\"182\" height=\"154\" \/><\/a><\/p>\n<p style=\"text-align: center\"><a href=\"http:\/\/www.methode-cecile-patin.com\/index.php\/notre-association\/toute-lhistoire-de-lassociation\/\">&gt; Thinking experienced through body movement<\/a><\/p>\n<p>\n<\/div><\/div><\/div><\/div><div  class=\"bt_bb_column_inner col-xxl-3 col-xl-3 bt_bb_vertical_align_top bt_bb_align_left bt_bb_padding_normal\"  data-width=\"3\" data-bt-override-class=\"{}\"><div class=\"bt_bb_column_inner_content\"><div class=\"bt_bb_column_inner_content_inner\"><\/div><\/div><\/div><div  class=\"bt_bb_column_inner col-xxl-3 col-xl-3 bt_bb_vertical_align_top bt_bb_align_left bt_bb_padding_normal\"  data-width=\"3\" data-bt-override-class=\"{}\"><div class=\"bt_bb_column_inner_content\"><div class=\"bt_bb_column_inner_content_inner\"><\/div><\/div><\/div><div  class=\"bt_bb_column_inner col-xxl-3 col-xl-3 bt_bb_vertical_align_top bt_bb_align_left bt_bb_padding_normal\"  data-width=\"3\" data-bt-override-class=\"{}\"><div class=\"bt_bb_column_inner_content\"><div class=\"bt_bb_column_inner_content_inner\"><\/div><\/div><\/div><\/div><\/div><\/div><\/div><\/div><\/div><\/div><\/div><!-- cell_inner --><\/div><!-- cell --><\/div><!-- port --><\/section><section data-bb-version=\"4.9.1\" id=\"bt_bb_section69f2bed34e2db\" class=\"bt_bb_section bt_bb_layout_boxed_1200 bt_bb_top_spacing_extra_large\"  data-bt-override-class=\"{&quot;bt_bb_top_spacing_&quot;:{&quot;current_class&quot;:&quot;bt_bb_top_spacing_extra_large&quot;,&quot;def&quot;:&quot;extra_large&quot;}}\"><div class=\"bt_bb_port\"><div class=\"bt_bb_cell\"><div class=\"bt_bb_cell_inner\"><div class=\"bt_bb_row \"  data-bt-override-class=\"{}\"><div class=\"bt_bb_row_holder\" ><div data-bb-version=\"4.9.1\"  class=\"bt_bb_column col-xxl-12 col-xl-12 col-xs-12 col-sm-12 col-md-12 col-lg-12 bt_bb_vertical_align_top bt_bb_align_left bt_bb_padding_normal\" style=\"; --column-width:12;\" data-width=\"12\" data-bt-override-class=\"{}\"><div class=\"bt_bb_column_content\"><div class=\"bt_bb_column_content_inner\"><\/div><\/div><\/div><\/div><\/div><\/div><!-- cell_inner --><\/div><!-- cell --><\/div><!-- port --><\/section><\/p>\n","protected":false},"excerpt":{"rendered":"","protected":false},"author":1,"featured_media":0,"parent":0,"menu_order":0,"comment_status":"closed","ping_status":"closed","template":"bt-no-sidebar-wide.php","meta":{"footnotes":""},"class_list":["post-965","page","type-page","status-publish","hentry"],"_links":{"self":[{"href":"http:\/\/jzoasjn.cluster023.hosting.ovh.net\/index.php\/wp-json\/wp\/v2\/pages\/965","targetHints":{"allow":["GET"]}}],"collection":[{"href":"http:\/\/jzoasjn.cluster023.hosting.ovh.net\/index.php\/wp-json\/wp\/v2\/pages"}],"about":[{"href":"http:\/\/jzoasjn.cluster023.hosting.ovh.net\/index.php\/wp-json\/wp\/v2\/types\/page"}],"author":[{"embeddable":true,"href":"http:\/\/jzoasjn.cluster023.hosting.ovh.net\/index.php\/wp-json\/wp\/v2\/users\/1"}],"replies":[{"embeddable":true,"href":"http:\/\/jzoasjn.cluster023.hosting.ovh.net\/index.php\/wp-json\/wp\/v2\/comments?post=965"}],"version-history":[{"count":5,"href":"http:\/\/jzoasjn.cluster023.hosting.ovh.net\/index.php\/wp-json\/wp\/v2\/pages\/965\/revisions"}],"predecessor-version":[{"id":1175,"href":"http:\/\/jzoasjn.cluster023.hosting.ovh.net\/index.php\/wp-json\/wp\/v2\/pages\/965\/revisions\/1175"}],"wp:attachment":[{"href":"http:\/\/jzoasjn.cluster023.hosting.ovh.net\/index.php\/wp-json\/wp\/v2\/media?parent=965"}],"curies":[{"name":"wp","href":"https:\/\/api.w.org\/{rel}","templated":true}]}}